{"id":7,"date":"2016-04-26T13:59:06","date_gmt":"2016-04-26T13:59:06","guid":{"rendered":"http:\/\/www.spatialhistory.net\/cities\/?page_id=7"},"modified":"2019-09-21T11:13:56","modified_gmt":"2019-09-21T11:13:56","slug":"welcome","status":"publish","type":"page","link":"https:\/\/www.spatialhistory.net\/cities\/","title":{"rendered":""},"content":{"rendered":"<p>Welcome to The City in East and Southeast Asia 1850-1950. This website was created to share some of the work and thoughts of students in MO4971, a fourth-year special primary source module offered in the School of History at the University of St Andrews.<\/p>\n<p><a href=\"http:\/\/www.deutschefotothek.de\/documents\/obj\/90064951\">Photo<\/a> &#8220;Peking (Beijing). Stra\u00dfe zur Winterszeit, im Hintergrund Verbotene Stadt mit den zwei k\u00fcnstlichen H\u00fcgeln&#8221; is from the\u00a0Deutsche Fotothek, CC BY-NC.<\/p>\n","protected":false},"excerpt":{"rendered":"<p>Welcome to The City in East and Southeast Asia 1850-1950. This website was created to share some of the work and thoughts of students in MO4971, a fourth-year special primary source module offered in the School of History at the University of St Andrews. Photo &#8220;Peking (Beijing). Stra\u00dfe zur Winterszeit, im Hintergrund Verbotene Stadt mit [&hellip;]<\/p>\n","protected":false},"author":1,"featured_media":12,"parent":0,"menu_order":0,"comment_status":"closed","ping_status":"closed","template":"","meta":{"footnotes":""},"class_list":["post-7","page","type-page","status-publish","has-post-thumbnail","hentry"],"jetpack_sharing_enabled":true,"_links":{"self":[{"href":"https:\/\/www.spatialhistory.net\/cities\/wp-json\/wp\/v2\/pages\/7","targetHints":{"allow":["GET"]}}],"collection":[{"href":"https:\/\/www.spatialhistory.net\/cities\/wp-json\/wp\/v2\/pages"}],"about":[{"href":"https:\/\/www.spatialhistory.net\/cities\/wp-json\/wp\/v2\/types\/page"}],"author":[{"embeddable":true,"href":"https:\/\/www.spatialhistory.net\/cities\/wp-json\/wp\/v2\/users\/1"}],"replies":[{"embeddable":true,"href":"https:\/\/www.spatialhistory.net\/cities\/wp-json\/wp\/v2\/comments?post=7"}],"version-history":[{"count":10,"href":"https:\/\/www.spatialhistory.net\/cities\/wp-json\/wp\/v2\/pages\/7\/revisions"}],"predecessor-version":[{"id":30,"href":"https:\/\/www.spatialhistory.net\/cities\/wp-json\/wp\/v2\/pages\/7\/revisions\/30"}],"wp:featuredmedia":[{"embeddable":true,"href":"https:\/\/www.spatialhistory.net\/cities\/wp-json\/wp\/v2\/media\/12"}],"wp:attachment":[{"href":"https:\/\/www.spatialhistory.net\/cities\/wp-json\/wp\/v2\/media?parent=7"}],"curies":[{"name":"wp","href":"https:\/\/api.w.org\/{rel}","templated":true}]}}